{"id":10185,"date":"2023-12-28T03:17:49","date_gmt":"2023-12-28T03:17:49","guid":{"rendered":"https:\/\/duhinvoyages.com\/?page_id=10185"},"modified":"2023-12-28T03:25:50","modified_gmt":"2023-12-28T03:25:50","slug":"la-region-himalayas","status":"publish","type":"page","link":"https:\/\/duhinvoyages.com\/index.php\/la-region-himalayas\/","title":{"rendered":"LA R\u00c9GION HIMALAYAS\u200b"},"content":{"rendered":"\t\t<div data-elementor-type=\"wp-page\" data-elementor-id=\"10185\" class=\"elementor elementor-10185\">\n\t\t\t\t<div class=\"elementor-element elementor-element-01b94fb e-flex e-con-boxed e-con e-parent\" data-id=\"01b94fb\" data-element_type=\"container\">\n\t\t\t\t\t<div class=\"e-con-inner\">\n\t\t<div class=\"elementor-element elementor-element-fe285e6 e-flex e-con-boxed elementor-invisible e-con e-child\" data-id=\"fe285e6\" data-element_type=\"container\" data-settings=\"{&quot;background_background&quot;:&quot;slideshow&quot;,&quot;animation&quot;:&quot;fadeIn&quot;,&quot;background_slideshow_gallery&quot;:[{&quot;id&quot;:10188,&quot;url&quot;:&quot;https:\\\/\\\/duhinvoyages.com\\\/wp-content\\\/uploads\\\/2023\\\/12\\\/naman-srivastava-xJ1PhwDAbW0-unsplash-scaled.jpg&quot;},{&quot;id&quot;:10192,&quot;url&quot;:&quot;https:\\\/\\\/duhinvoyages.com\\\/wp-content\\\/uploads\\\/2023\\\/12\\\/joseph-gatto-yjFPUt7FRls-unsplash-1-scaled.jpg&quot;},{&quot;id&quot;:10193,&quot;url&quot;:&quot;https:\\\/\\\/duhinvoyages.com\\\/wp-content\\\/uploads\\\/2023\\\/12\\\/pratap-chhetri-isHDAcU7d2Q-unsplash-scaled.jpg&quot;},{&quot;id&quot;:10063,&quot;url&quot;:&quot;https:\\\/\\\/duhinvoyages.com\\\/wp-content\\\/uploads\\\/2023\\\/12\\\/web-banner-3-4-scaled.webp&quot;}],&quot;background_slideshow_loop&quot;:&quot;yes&quot;,&quot;background_slideshow_slide_duration&quot;:5000,&quot;background_slideshow_slide_transition&quot;:&quot;fade&quot;,&quot;background_slideshow_transition_duration&quot;:500}\">\n\t\t\t\t\t<div class=\"e-con-inner\">\n\t\t\t\t\t<\/div>\n\t\t\t\t<\/div>\n\t\t\t\t\t<\/div>\n\t\t\t\t<\/div>\n\t\t<div class=\"elementor-element elementor-element-97db342 e-flex e-con-boxed e-con e-parent\" data-id=\"97db342\" data-element_type=\"container\">\n\t\t\t\t\t<div class=\"e-con-inner\">\n\t\t<div class=\"elementor-element elementor-element-7e91781 e-flex e-con-boxed e-con e-child\" data-id=\"7e91781\" data-element_type=\"container\">\n\t\t\t\t\t<div class=\"e-con-inner\">\n\t\t\t\t<div class=\"elementor-element elementor-element-6204b7f elementor-widget elementor-widget-menu-anchor\" data-id=\"6204b7f\" data-element_type=\"widget\" data-widget_type=\"menu-anchor.default\">\n\t\t\t\t<div class=\"elementor-widget-container\">\n\t\t\t<style>\/*! elementor - v3.21.0 - 15-04-2024 *\/\nbody.elementor-page .elementor-widget-menu-anchor{margin-bottom:0}<\/style>\t\t<div class=\"elementor-menu-anchor\" id=\"himalaya\"><\/div>\n\t\t\t\t<\/div>\n\t\t\t\t<\/div>\n\t\t<div class=\"elementor-element elementor-element-2e31ce6 e-flex e-con-boxed elementor-invisible e-con e-child\" data-id=\"2e31ce6\" data-element_type=\"container\" data-settings=\"{&quot;background_background&quot;:&quot;gradient&quot;,&quot;animation&quot;:&quot;fadeIn&quot;}\">\n\t\t\t\t\t<div class=\"e-con-inner\">\n\t\t\t\t<div class=\"elementor-element elementor-element-3f7886e elementor-widget elementor-widget-spacer\" data-id=\"3f7886e\" data-element_type=\"widget\" data-widget_type=\"spacer.default\">\n\t\t\t\t<div class=\"elementor-widget-container\">\n\t\t\t<style>\/*! elementor - v3.21.0 - 15-04-2024 *\/\n.elementor-column .elementor-spacer-inner{height:var(--spacer-size)}.e-con{--container-widget-width:100%}.e-con-inner>.elementor-widget-spacer,.e-con>.elementor-widget-spacer{width:var(--container-widget-width,var(--spacer-size));--align-self:var(--container-widget-align-self,initial);--flex-shrink:0}.e-con-inner>.elementor-widget-spacer>.elementor-widget-container,.e-con>.elementor-widget-spacer>.elementor-widget-container{height:100%;width:100%}.e-con-inner>.elementor-widget-spacer>.elementor-widget-container>.elementor-spacer,.e-con>.elementor-widget-spacer>.elementor-widget-container>.elementor-spacer{height:100%}.e-con-inner>.elementor-widget-spacer>.elementor-widget-container>.elementor-spacer>.elementor-spacer-inner,.e-con>.elementor-widget-spacer>.elementor-widget-container>.elementor-spacer>.elementor-spacer-inner{height:var(--container-widget-height,var(--spacer-size))}.e-con-inner>.elementor-widget-spacer.elementor-widget-empty,.e-con>.elementor-widget-spacer.elementor-widget-empty{position:relative;min-height:22px;min-width:22px}.e-con-inner>.elementor-widget-spacer.elementor-widget-empty .elementor-widget-empty-icon,.e-con>.elementor-widget-spacer.elementor-widget-empty .elementor-widget-empty-icon{position:absolute;top:0;bottom:0;left:0;right:0;margin:auto;padding:0;width:22px;height:22px}<\/style>        <div class=\"elementor-spacer\">\n            <div class=\"elementor-spacer-inner\"><\/div>\n        <\/div>\n\t\t\t\t<\/div>\n\t\t\t\t<\/div>\n\t\t\t\t<div class=\"elementor-element elementor-element-215dcc6 elementor-widget elementor-widget-heading\" data-id=\"215dcc6\" data-element_type=\"widget\" data-widget_type=\"heading.default\">\n\t\t\t\t<div class=\"elementor-widget-container\">\n\t\t\t<style>\/*! elementor - v3.21.0 - 15-04-2024 *\/\n.elementor-heading-title{padding:0;margin:0;line-height:1}.elementor-widget-heading .elementor-heading-title[class*=elementor-size-]>a{color:inherit;font-size:inherit;line-height:inherit}.elementor-widget-heading .elementor-heading-title.elementor-size-small{font-size:15px}.elementor-widget-heading .elementor-heading-title.elementor-size-medium{font-size:19px}.elementor-widget-heading .elementor-heading-title.elementor-size-large{font-size:29px}.elementor-widget-heading .elementor-heading-title.elementor-size-xl{font-size:39px}.elementor-widget-heading .elementor-heading-title.elementor-size-xxl{font-size:59px}<\/style><div class=\"elementor-heading-wrapper\" ><div class=\"elementor-heading-wrapper-inner\"><h2 class=\"elementor-heading-title elementor-size-default\">LA R\u00c9GION HIMALAYAS<\/h2><\/div><\/div>\t\t<\/div>\n\t\t\t\t<\/div>\n\t\t\t\t<div class=\"elementor-element elementor-element-0b770e2 elementor-drop-cap-yes elementor-drop-cap-view-default elementor-widget elementor-widget-text-editor\" data-id=\"0b770e2\" data-element_type=\"widget\" data-settings=\"{&quot;drop_cap&quot;:&quot;yes&quot;}\" data-widget_type=\"text-editor.default\">\n\t\t\t\t<div class=\"elementor-widget-container\">\n\t\t\t<style>\/*! elementor - v3.21.0 - 15-04-2024 *\/\n.elementor-widget-text-editor.elementor-drop-cap-view-stacked .elementor-drop-cap{background-color:#69727d;color:#fff}.elementor-widget-text-editor.elementor-drop-cap-view-framed .elementor-drop-cap{color:#69727d;border:3px solid;background-color:transparent}.elementor-widget-text-editor:not(.elementor-drop-cap-view-default) .elementor-drop-cap{margin-top:8px}.elementor-widget-text-editor:not(.elementor-drop-cap-view-default) .elementor-drop-cap-letter{width:1em;height:1em}.elementor-widget-text-editor .elementor-drop-cap{float:left;text-align:center;line-height:1;font-size:50px}.elementor-widget-text-editor .elementor-drop-cap-letter{display:inline-block}<\/style>        <div class=\"elementor-text-editor elementor-clearfix\"><p>Himalaya en sanskrits signife &#8211; la demeure de la neige. L&#8217;Himalaya se d\u00e9finit par ses pics enneig\u00e9s, ses cr\u00eates \u00e9blouissantes, ses prairies fleuries, ses magnifiques glaciers, ses lacs cristallins, son ciel d&#8217;un bleu \u00e9clatant, ses vall\u00e9es pr\u00e9serv\u00e9es aux for\u00eats vierges et sa riche faune et flore. La r\u00e9gion himalayenne indienne est une cha\u00eene de montagnes qui s&#8217;\u00e9tend sur dix \u00c9tats de l&#8217;Inde, \u00e0 savoir le Jammu-et-Cachemire, l&#8217;Himachal Pradesh, l&#8217;Uttarakhand, le Sikkim et l&#8217;Arunachal Pradesh, ainsi que sur les r\u00e9gions montagneuses de deux \u00c9tats, l&#8217;Assam et le Bengale-Occidental.<br \/>De nombreux sommets de l&#8217;Himalaya sont sacr\u00e9s \u00e0 la fois dans le bouddhisme et l&#8217;hindouisme. Leh Ladakh est une terre de magnifiques monast\u00e8res bouddhistes et une destination de r\u00eave pour les photographes. Skier sur les pentes enneig\u00e9es dans un d\u00e9cor pittoresque est tr\u00e8s excitant. Les amoureux de la nature peuvent partir en excursion pour observer la faune et la flore, o\u00f9 ils rencontreront une vari\u00e9t\u00e9 impressionnante de plantes dans des for\u00eats de ch\u00eanes, de pins et de d\u00e9odars, ainsi que de nombreux oiseaux et animaux comme le tigre de l&#8217;Himalaya, le l\u00e9opard des neiges, le yak, le cerf musqu\u00e9, le rhinoc\u00e9ros, le panda roux, l&#8217;ours brun et l&#8217;ours noir, ainsi que diff\u00e9rentes esp\u00e8ces de vautours et de loups. La flore et la faune de l&#8217;Himalaya varient en fonction du climat, des pr\u00e9cipitations, de l&#8217;altitude et du sol.<\/p><p>Le climat de la r\u00e9gion himalayenne va du tropical au pied des montagnes \u00e0 la glace et \u00e0 la neige permanentes aux plus hautes altitudes. En g\u00e9n\u00e9ral, les meilleurs mois pour visiter l&#8217;Himalaya sont mars, avril, mai, juin, puis septembre, octobre et novembre, en fonction du lieu exact et de l&#8217;altitude du circuit. Vous pouvez profiter des festivals locaux pendant ces mois.<\/p><p>La cuisine himalayenne est unique et couvre toutes les fronti\u00e8res de l&#8217;Himalaya. Le plat principal est le Dal-Bhat (soupe de lentilles cuites et riz cuit \u00e0 la vapeur), agr\u00e9ment\u00e9 d&#8217;\u00e9pices et de piments s\u00e9ch\u00e9s et servi avec du chutney ou des cornichons. Les habitants de l&#8217;Himalaya restent assis toute la journ\u00e9e \u00e0 siroter du th\u00e9 pour se r\u00e9chauffer en haute altitude.<\/p><\/div>\n        \t\t<\/div>\n\t\t\t\t<\/div>\n\t\t<div class=\"elementor-element elementor-element-3e52a62 e-grid e-con-boxed e-con e-child\" data-id=\"3e52a62\" data-element_type=\"container\" data-settings=\"{&quot;background_background&quot;:&quot;classic&quot;}\">\n\t\t\t\t\t<div class=\"e-con-inner\">\n\t\t\t\t<div class=\"elementor-element elementor-element-9a807b5 elementor-cta--skin-cover elementor-cta--valign-bottom elementor-cta-style-1 call-to-action-wrapper-transform-none elementor-animated-content elementor-bg-transform elementor-bg-transform-zoom-in elementor-widget elementor-widget-opal-call-to-action\" data-id=\"9a807b5\" data-element_type=\"widget\" data-widget_type=\"opal-call-to-action.default\">\n\t\t\t\t<div class=\"elementor-widget-container\">\n\t\t\t        <a href=\"https:\/\/duhinvoyages.com\/index.php\/decouverte-du-ladakh-et-taj-mahal\/\" class=\"elementor-cta\">\n                <div class=\"elementor-cta__bg-wrapper\">\n            <div class=\"elementor-cta__bg elementor-bg\" style=\"background-image: url(https:\/\/i0.wp.com\/duhinvoyages.com\/wp-content\/uploads\/2023\/11\/joseph-gatto-yjFPUt7FRls-unsplash-scaled.jpg?fit=2560%2C1707&amp;ssl=1);\"><\/div>\n            <div class=\"elementor-cta__bg-overlay\"><\/div>\n        <\/div>\n                    <div class=\"elementor-cta__content\">\n            <div class=\"elmentor-cta_content-inner\">\n            <div class=\"elmentor-cta_content-inner-inner\">\n                        \n                            <h2 class=\"elementor-cta__title elementor-cta__content-item elementor-content-item elementor-animated-item--grow\">\n                D\u00e9couverte du Ladakh et Taj Mahal                <\/h2>\n            \n                            <div class=\"elementor-cta__description elementor-cta__content-item elementor-content-item elementor-animated-item--grow\">\n                    14 jours, 13 nuits                <\/div>\n            \n                            <\/div>\n            <\/div>\n                    <\/div>\n                    <div class=\"elementor-ribbon elementor-ribbon-right\">\n            <div class=\"elementor-ribbon-inner\">1500\u20ac*<\/div>\n        <\/div>\n            <\/a>\n        \t\t<\/div>\n\t\t\t\t<\/div>\n\t\t\t\t<div class=\"elementor-element elementor-element-dc5ab6f elementor-cta--skin-cover elementor-cta--valign-bottom elementor-cta-style-1 call-to-action-wrapper-transform-none elementor-animated-content elementor-bg-transform elementor-bg-transform-zoom-in elementor-widget elementor-widget-opal-call-to-action\" data-id=\"dc5ab6f\" data-element_type=\"widget\" data-widget_type=\"opal-call-to-action.default\">\n\t\t\t\t<div class=\"elementor-widget-container\">\n\t\t\t        <a href=\"https:\/\/duhinvoyages.com\/index.php\/kashmir-la-vallee-de-paradis-et-taj-mahal-8-jours-7-nuits\/\" class=\"elementor-cta\">\n                <div class=\"elementor-cta__bg-wrapper\">\n            <div class=\"elementor-cta__bg elementor-bg\" style=\"background-image: url(https:\/\/i0.wp.com\/duhinvoyages.com\/wp-content\/uploads\/2023\/11\/7-2.png?fit=1080%2C1080&amp;ssl=1);\"><\/div>\n            <div class=\"elementor-cta__bg-overlay\"><\/div>\n        <\/div>\n                    <div class=\"elementor-cta__content\">\n            <div class=\"elmentor-cta_content-inner\">\n            <div class=\"elmentor-cta_content-inner-inner\">\n                        \n                            <h2 class=\"elementor-cta__title elementor-cta__content-item elementor-content-item elementor-animated-item--grow\">\n                Kashmir, La Vall\u00e9e de Paradis et Taj Mahal                <\/h2>\n            \n                            <div class=\"elementor-cta__description elementor-cta__content-item elementor-content-item elementor-animated-item--grow\">\n                    \n8 Jours 7 nuits                <\/div>\n            \n                            <\/div>\n            <\/div>\n                    <\/div>\n                    <div class=\"elementor-ribbon elementor-ribbon-right\">\n            <div class=\"elementor-ribbon-inner\">1200\u20ac*<\/div>\n        <\/div>\n            <\/a>\n        \t\t<\/div>\n\t\t\t\t<\/div>\n\t\t\t\t<div class=\"elementor-element elementor-element-d01f752 elementor-cta--skin-cover elementor-cta--valign-bottom elementor-cta-style-1 call-to-action-wrapper-transform-none elementor-animated-content elementor-bg-transform elementor-bg-transform-zoom-in elementor-widget elementor-widget-opal-call-to-action\" data-id=\"d01f752\" data-element_type=\"widget\" data-widget_type=\"opal-call-to-action.default\">\n\t\t\t\t<div class=\"elementor-widget-container\">\n\t\t\t        <a href=\"https:\/\/duhinvoyages.com\/index.php\/du-sikkim-au-bhoutan-vers-le-royaume-de-lhimalaya\/\" class=\"elementor-cta\">\n                <div class=\"elementor-cta__bg-wrapper\">\n            <div class=\"elementor-cta__bg elementor-bg\" style=\"background-image: url(https:\/\/i0.wp.com\/duhinvoyages.com\/wp-content\/uploads\/2023\/12\/web-banner-3-4-scaled.webp?fit=2560%2C1280&amp;ssl=1);\"><\/div>\n            <div class=\"elementor-cta__bg-overlay\"><\/div>\n        <\/div>\n                    <div class=\"elementor-cta__content\">\n            <div class=\"elmentor-cta_content-inner\">\n            <div class=\"elmentor-cta_content-inner-inner\">\n                        \n                            <h2 class=\"elementor-cta__title elementor-cta__content-item elementor-content-item elementor-animated-item--grow\">\n                Du Sikkim au Bhoutan vers le Royaume de l\u2019Himalaya\u200b                <\/h2>\n            \n                            <div class=\"elementor-cta__description elementor-cta__content-item elementor-content-item elementor-animated-item--grow\">\n                    15 Jours 14 nuits                <\/div>\n            \n                            <\/div>\n            <\/div>\n                    <\/div>\n                    <div class=\"elementor-ribbon elementor-ribbon-right\">\n            <div class=\"elementor-ribbon-inner\">2480\u20ac*<\/div>\n        <\/div>\n            <\/a>\n        \t\t<\/div>\n\t\t\t\t<\/div>\n\t\t\t\t<div class=\"elementor-element elementor-element-fc133be elementor-cta--skin-cover elementor-cta--valign-bottom elementor-cta-style-1 call-to-action-wrapper-transform-none elementor-animated-content elementor-bg-transform elementor-bg-transform-zoom-in elementor-widget elementor-widget-opal-call-to-action\" data-id=\"fc133be\" data-element_type=\"widget\" data-widget_type=\"opal-call-to-action.default\">\n\t\t\t\t<div class=\"elementor-widget-container\">\n\t\t\t        <a href=\"https:\/\/duhinvoyages.com\/index.php\/de-darjeeling-au-sikkim-sur-la-route-des-monasteres-et-the-indien\/\" class=\"elementor-cta\">\n                <div class=\"elementor-cta__bg-wrapper\">\n            <div class=\"elementor-cta__bg elementor-bg\" style=\"background-image: url(https:\/\/i0.wp.com\/duhinvoyages.com\/wp-content\/uploads\/2023\/12\/web-banner-3-3-scaled.webp?fit=2560%2C1280&amp;ssl=1);\"><\/div>\n            <div class=\"elementor-cta__bg-overlay\"><\/div>\n        <\/div>\n                    <div class=\"elementor-cta__content\">\n            <div class=\"elmentor-cta_content-inner\">\n            <div class=\"elmentor-cta_content-inner-inner\">\n                        \n                            <h2 class=\"elementor-cta__title elementor-cta__content-item elementor-content-item elementor-animated-item--grow\">\n                De Darjeeling au Sikkim sur la route des monast\u00e8res et th\u00e9 indien\u200b                <\/h2>\n            \n                            <div class=\"elementor-cta__description elementor-cta__content-item elementor-content-item elementor-animated-item--grow\">\n                    12 Jours 11 nuits                <\/div>\n            \n                            <\/div>\n            <\/div>\n                    <\/div>\n                    <div class=\"elementor-ribbon elementor-ribbon-right\">\n            <div class=\"elementor-ribbon-inner\">2480\u20ac*<\/div>\n        <\/div>\n            <\/a>\n        \t\t<\/div>\n\t\t\t\t<\/div>\n\t\t\t\t\t<\/div>\n\t\t\t\t<\/div>\n\t\t\t\t\t<\/div>\n\t\t\t\t<\/div>\n\t\t\t\t\t<\/div>\n\t\t\t\t<\/div>\n\t\t\t\t\t<\/div>\n\t\t\t\t<\/div>\n\t\t\t\t<\/div>\n\t\t","protected":false},"excerpt":{"rendered":"<p>LA R\u00c9GION HIMALAYAS Himalaya en sanskrits signife &#8211; la demeure de la neige. L&#8217;Himalaya se d\u00e9finit par ses pics enneig\u00e9s, ses cr\u00eates \u00e9blouissantes, ses prairies fleuries, ses magnifiques glaciers, ses lacs cristallins, son ciel d&#8217;un bleu \u00e9clatant, ses vall\u00e9es pr\u00e9serv\u00e9es aux for\u00eats vierges et sa riche faune et flore. La r\u00e9gion himalayenne indienne est une &hellip; <\/p>\n<p class=\"link-more\"><a href=\"https:\/\/duhinvoyages.com\/index.php\/la-region-himalayas\/\" class=\"more-link\">Read More <span class=\"screen-reader-text\"> &#8220;LA R\u00c9GION HIMALAYAS\u200b&#8221;<\/span><\/a><\/p>\n","protected":false},"author":1,"featured_media":0,"parent":0,"menu_order":0,"comment_status":"closed","ping_status":"closed","template":"","meta":{"om_disable_all_campaigns":false,"inline_featured_image":false,"_monsterinsights_skip_tracking":false,"_monsterinsights_sitenote_active":false,"_monsterinsights_sitenote_note":"","_monsterinsights_sitenote_category":0,"footnotes":""},"aioseo_notices":[],"_links":{"self":[{"href":"https:\/\/duhinvoyages.com\/index.php\/wp-json\/wp\/v2\/pages\/10185"}],"collection":[{"href":"https:\/\/duhinvoyages.com\/index.php\/wp-json\/wp\/v2\/pages"}],"about":[{"href":"https:\/\/duhinvoyages.com\/index.php\/wp-json\/wp\/v2\/types\/page"}],"author":[{"embeddable":true,"href":"https:\/\/duhinvoyages.com\/index.php\/wp-json\/wp\/v2\/users\/1"}],"replies":[{"embeddable":true,"href":"https:\/\/duhinvoyages.com\/index.php\/wp-json\/wp\/v2\/comments?post=10185"}],"version-history":[{"count":0,"href":"https:\/\/duhinvoyages.com\/index.php\/wp-json\/wp\/v2\/pages\/10185\/revisions"}],"wp:attachment":[{"href":"https:\/\/duhinvoyages.com\/index.php\/wp-json\/wp\/v2\/media?parent=10185"}],"curies":[{"name":"wp","href":"https:\/\/api.w.org\/{rel}","templated":true}]}}